{"id":18,"date":"2019-04-12T02:38:54","date_gmt":"2019-04-12T07:38:54","guid":{"rendered":"https:\/\/esfloserv.com\/?page_id=18"},"modified":"2019-04-19T06:40:34","modified_gmt":"2019-04-19T11:40:34","slug":"inicio","status":"publish","type":"page","link":"https:\/\/esfloserv.com\/","title":{"rendered":"Inicio"},"content":{"rendered":"<p>Compa\u00f1\u00eda de Transporte Pesado<\/p>\n<p>Ambato &#8211; Ecuador<\/p>\n<p>&nbsp;<\/p>\n<p><span style=\"font-family: arial, helvetica, sans-serif;\"><a href=\"https:\/\/esfloserv.com\/index.php\/mision\/\">Misi\u00f3n<\/a><\/span><\/p>\n<p><a href=\"https:\/\/esfloserv.com\/index.php\/vision\/\"><span style=\"font-family: arial, helvetica, sans-serif;\">Visi\u00f3n<\/span><\/a><\/p>\n<p align=\"justify\"><a href=\"https:\/\/esfloserv.com\/index.php\/politica-integrada-de-gestion\/\"><span style=\"font-family: arial, helvetica, sans-serif;\"><span style=\"font-size: medium;\">Pol\u00edtica integrada de gesti\u00f3n<\/span><\/span><\/a><\/p>\n","protected":false},"excerpt":{"rendered":"<p>Compa\u00f1\u00eda de Transporte Pesado Ambato &#8211; Ecuador &nbsp; Misi\u00f3n Visi\u00f3n Pol\u00edtica integrada de gesti\u00f3n<\/p>\n","protected":false},"author":1,"featured_media":0,"parent":0,"menu_order":0,"comment_status":"closed","ping_status":"closed","template":"","meta":{"_monsterinsights_skip_tracking":false,"_monsterinsights_sitenote_active":false,"_monsterinsights_sitenote_note":"","_monsterinsights_sitenote_category":0,"footnotes":""},"class_list":["post-18","page","type-page","status-publish","hentry"],"_links":{"self":[{"href":"https:\/\/esfloserv.com\/index.php\/wp-json\/wp\/v2\/pages\/18","targetHints":{"allow":["GET"]}}],"collection":[{"href":"https:\/\/esfloserv.com\/index.php\/wp-json\/wp\/v2\/pages"}],"about":[{"href":"https:\/\/esfloserv.com\/index.php\/wp-json\/wp\/v2\/types\/page"}],"author":[{"embeddable":true,"href":"https:\/\/esfloserv.com\/index.php\/wp-json\/wp\/v2\/users\/1"}],"replies":[{"embeddable":true,"href":"https:\/\/esfloserv.com\/index.php\/wp-json\/wp\/v2\/comments?post=18"}],"version-history":[{"count":9,"href":"https:\/\/esfloserv.com\/index.php\/wp-json\/wp\/v2\/pages\/18\/revisions"}],"predecessor-version":[{"id":104,"href":"https:\/\/esfloserv.com\/index.php\/wp-json\/wp\/v2\/pages\/18\/revisions\/104"}],"wp:attachment":[{"href":"https:\/\/esfloserv.com\/index.php\/wp-json\/wp\/v2\/media?parent=18"}],"curies":[{"name":"wp","href":"https:\/\/api.w.org\/{rel}","templated":true}]}}