{"id":73,"date":"2019-04-19T03:44:26","date_gmt":"2019-04-19T08:44:26","guid":{"rendered":"https:\/\/esfloserv.com\/?page_id=73"},"modified":"2019-04-19T03:44:26","modified_gmt":"2019-04-19T08:44:26","slug":"vision","status":"publish","type":"page","link":"https:\/\/esfloserv.com\/index.php\/vision\/","title":{"rendered":"Visi\u00f3n"},"content":{"rendered":"<p align=\"justify\"><span style=\"font-family: Times New Roman, serif;\"><span style=\"font-size: medium;\"><span style=\"font-family: arial, helvetica, sans-serif;\">Hacer de ESFLOSERV CIA. LTDA. una empresa l\u00edder en almacenamiento, distribuci\u00f3n y servicio de transporte de encomiendas y carga a nivel nacional, satisfaciendo las necesidades que el mercado requiere mediante la implementaci\u00f3n de alta tecnolog\u00eda en nuestros equipos y procesos, proporcionando seguridad al recibir y entregar su mercader\u00eda, y con un recurso humano altamente calificado que genere resultados satisfactorios en beneficio de nuestros clientes.<\/span> <\/span><\/span><\/p>\n","protected":false},"excerpt":{"rendered":"<p>Hacer de ESFLOSERV CIA. LTDA. una empresa l\u00edder en almacenamiento, distribuci\u00f3n y servicio de transporte de encomiendas y carga a nivel nacional, satisfaciendo las necesidades que el mercado requiere mediante la implementaci\u00f3n de alta tecnolog\u00eda en nuestros equipos y procesos, proporcionando seguridad al recibir y entregar su mercader\u00eda, y con un recurso humano altamente calificado &hellip; <\/p>\n<p class=\"link-more\"><a href=\"https:\/\/esfloserv.com\/index.php\/vision\/\" class=\"more-link\">Continuar leyendo<span class=\"screen-reader-text\"> \u00abVisi\u00f3n\u00bb<\/span><\/a><\/p>\n","protected":false},"author":1,"featured_media":0,"parent":0,"menu_order":0,"comment_status":"closed","ping_status":"closed","template":"","meta":{"_monsterinsights_skip_tracking":false,"_monsterinsights_sitenote_active":false,"_monsterinsights_sitenote_note":"","_monsterinsights_sitenote_category":0,"footnotes":""},"class_list":["post-73","page","type-page","status-publish","hentry"],"_links":{"self":[{"href":"https:\/\/esfloserv.com\/index.php\/wp-json\/wp\/v2\/pages\/73","targetHints":{"allow":["GET"]}}],"collection":[{"href":"https:\/\/esfloserv.com\/index.php\/wp-json\/wp\/v2\/pages"}],"about":[{"href":"https:\/\/esfloserv.com\/index.php\/wp-json\/wp\/v2\/types\/page"}],"author":[{"embeddable":true,"href":"https:\/\/esfloserv.com\/index.php\/wp-json\/wp\/v2\/users\/1"}],"replies":[{"embeddable":true,"href":"https:\/\/esfloserv.com\/index.php\/wp-json\/wp\/v2\/comments?post=73"}],"version-history":[{"count":2,"href":"https:\/\/esfloserv.com\/index.php\/wp-json\/wp\/v2\/pages\/73\/revisions"}],"predecessor-version":[{"id":75,"href":"https:\/\/esfloserv.com\/index.php\/wp-json\/wp\/v2\/pages\/73\/revisions\/75"}],"wp:attachment":[{"href":"https:\/\/esfloserv.com\/index.php\/wp-json\/wp\/v2\/media?parent=73"}],"curies":[{"name":"wp","href":"https:\/\/api.w.org\/{rel}","templated":true}]}}