{"id":77,"date":"2019-04-19T03:50:28","date_gmt":"2019-04-19T08:50:28","guid":{"rendered":"https:\/\/esfloserv.com\/?page_id=77"},"modified":"2019-04-19T03:50:28","modified_gmt":"2019-04-19T08:50:28","slug":"politica-integrada-de-gestion","status":"publish","type":"page","link":"https:\/\/esfloserv.com\/index.php\/politica-integrada-de-gestion\/","title":{"rendered":"Pol\u00edtica integrada de gesti\u00f3n"},"content":{"rendered":"<p align=\"justify\"><span style=\"font-family: arial, helvetica, sans-serif;\"><span style=\"font-size: medium;\">ESFLOSERV CIA. LTDA. Trabajamos continuamente para prestar un servicio con altos est\u00e1ndares de calidad y seguridad, con el fin de lograr la satisfacci\u00f3n total de nuestros clientes, cumpliendo las pol\u00edticas de seguridad y los requisitos de nuestros clientes y proveedores, enmarcados en el mejoramiento continuo de nuestros procesos. Para ello contamos con personal calificado, equipo de transporte moderno y vers\u00e1til<\/p>\n<p><\/span><span style=\"font-size: medium;\"><b>Objetivos integrados de gesti\u00f3n<\/b><\/span><\/span><\/p>\n<ul>\n<li style=\"list-style-type: none;\">\n<ul>\n<li><span style=\"font-family: arial, helvetica, sans-serif;\"><span style=\"font-size: medium;\">Establecer y cumplir los par\u00e1metros de seguridad que garanticen entregas confiables para los clientes.<\/span><\/span><\/li>\n<li><span style=\"font-family: arial, helvetica, sans-serif;\"><span style=\"font-size: medium;\">Cumplir adecuadamente y de manera eficaz las acciones implementadas para el cumplimiento y mejora del sistema.<\/span><\/span><\/li>\n<li><span style=\"font-family: arial, helvetica, sans-serif;\"><span style=\"font-size: medium;\">Garantizar un servicio de transporte y entregas que satisfaga las necesidades de nuestros clientes, por medio del cumplimiento de los requisitos pactados con estos.<\/span><\/span><\/li>\n<li><span style=\"font-family: arial, helvetica, sans-serif;\"><span style=\"font-size: medium;\">Administrar el talento humano garantizando la competencia, el bienestar y desarrollo de personal de ESFLOSERV CIA. LTDA.<\/span><\/span><\/li>\n<li><span style=\"font-family: arial, helvetica, sans-serif;\"><span style=\"font-size: medium;\">Garantizar la infraestructura para el control y seguimiento de veh\u00edculos durante la prestaci\u00f3n del servicio.<\/span><\/span><\/li>\n<\/ul>\n<\/li>\n<\/ul>\n<p align=\"justify\">\n","protected":false},"excerpt":{"rendered":"<p>ESFLOSERV CIA. LTDA. Trabajamos continuamente para prestar un servicio con altos est\u00e1ndares de calidad y seguridad, con el fin de lograr la satisfacci\u00f3n total de nuestros clientes, cumpliendo las pol\u00edticas de seguridad y los requisitos de nuestros clientes y proveedores, enmarcados en el mejoramiento continuo de nuestros procesos. Para ello contamos con personal calificado, equipo &hellip; <\/p>\n<p class=\"link-more\"><a href=\"https:\/\/esfloserv.com\/index.php\/politica-integrada-de-gestion\/\" class=\"more-link\">Continuar leyendo<span class=\"screen-reader-text\"> \u00abPol\u00edtica integrada de gesti\u00f3n\u00bb<\/span><\/a><\/p>\n","protected":false},"author":1,"featured_media":0,"parent":0,"menu_order":0,"comment_status":"closed","ping_status":"closed","template":"","meta":{"_monsterinsights_skip_tracking":false,"_monsterinsights_sitenote_active":false,"_monsterinsights_sitenote_note":"","_monsterinsights_sitenote_category":0,"footnotes":""},"class_list":["post-77","page","type-page","status-publish","hentry"],"_links":{"self":[{"href":"https:\/\/esfloserv.com\/index.php\/wp-json\/wp\/v2\/pages\/77","targetHints":{"allow":["GET"]}}],"collection":[{"href":"https:\/\/esfloserv.com\/index.php\/wp-json\/wp\/v2\/pages"}],"about":[{"href":"https:\/\/esfloserv.com\/index.php\/wp-json\/wp\/v2\/types\/page"}],"author":[{"embeddable":true,"href":"https:\/\/esfloserv.com\/index.php\/wp-json\/wp\/v2\/users\/1"}],"replies":[{"embeddable":true,"href":"https:\/\/esfloserv.com\/index.php\/wp-json\/wp\/v2\/comments?post=77"}],"version-history":[{"count":2,"href":"https:\/\/esfloserv.com\/index.php\/wp-json\/wp\/v2\/pages\/77\/revisions"}],"predecessor-version":[{"id":123,"href":"https:\/\/esfloserv.com\/index.php\/wp-json\/wp\/v2\/pages\/77\/revisions\/123"}],"wp:attachment":[{"href":"https:\/\/esfloserv.com\/index.php\/wp-json\/wp\/v2\/media?parent=77"}],"curies":[{"name":"wp","href":"https:\/\/api.w.org\/{rel}","templated":true}]}}