{"id":81,"date":"2019-04-19T03:53:43","date_gmt":"2019-04-19T08:53:43","guid":{"rendered":"https:\/\/esfloserv.com\/?page_id=81"},"modified":"2019-04-19T04:02:21","modified_gmt":"2019-04-19T09:02:21","slug":"mision","status":"publish","type":"page","link":"https:\/\/esfloserv.com\/index.php\/mision\/","title":{"rendered":"Misi\u00f3n"},"content":{"rendered":"<p>Somos una empresa dedicada al Almacenamiento, Distribuci\u00f3n y transporte de carga de cualquier tipo de carga seca, buscamos satisfacer plenamente a nuestros clientes con seguridad y cumplimiento, para esto contamos con el mejor equipo, valores \u00e9ticos, morales y la capacitaci\u00f3n constante del capital humano el cual es el activo m\u00e1s valioso que poseemos.<\/p>\n<ul>\n<li style=\"list-style-type: none;\">\n<ul>\n<li>Seguridad<\/li>\n<li>Responsabilidad<\/li>\n<li>Puntualidad<\/li>\n<li>Mejoramiento Continuo<\/li>\n<li>Calidad de Servicio<\/li>\n<\/ul>\n<\/li>\n<\/ul>\n","protected":false},"excerpt":{"rendered":"<p>Somos una empresa dedicada al Almacenamiento, Distribuci\u00f3n y transporte de carga de cualquier tipo de carga seca, buscamos satisfacer plenamente a nuestros clientes con seguridad y cumplimiento, para esto contamos con el mejor equipo, valores \u00e9ticos, morales y la capacitaci\u00f3n constante del capital humano el cual es el activo m\u00e1s valioso que poseemos. Seguridad Responsabilidad &hellip; <\/p>\n<p class=\"link-more\"><a href=\"https:\/\/esfloserv.com\/index.php\/mision\/\" class=\"more-link\">Continuar leyendo<span class=\"screen-reader-text\"> \u00abMisi\u00f3n\u00bb<\/span><\/a><\/p>\n","protected":false},"author":1,"featured_media":0,"parent":0,"menu_order":0,"comment_status":"closed","ping_status":"closed","template":"","meta":{"_monsterinsights_skip_tracking":false,"_monsterinsights_sitenote_active":false,"_monsterinsights_sitenote_note":"","_monsterinsights_sitenote_category":0,"footnotes":""},"class_list":["post-81","page","type-page","status-publish","hentry"],"_links":{"self":[{"href":"https:\/\/esfloserv.com\/index.php\/wp-json\/wp\/v2\/pages\/81","targetHints":{"allow":["GET"]}}],"collection":[{"href":"https:\/\/esfloserv.com\/index.php\/wp-json\/wp\/v2\/pages"}],"about":[{"href":"https:\/\/esfloserv.com\/index.php\/wp-json\/wp\/v2\/types\/page"}],"author":[{"embeddable":true,"href":"https:\/\/esfloserv.com\/index.php\/wp-json\/wp\/v2\/users\/1"}],"replies":[{"embeddable":true,"href":"https:\/\/esfloserv.com\/index.php\/wp-json\/wp\/v2\/comments?post=81"}],"version-history":[{"count":5,"href":"https:\/\/esfloserv.com\/index.php\/wp-json\/wp\/v2\/pages\/81\/revisions"}],"predecessor-version":[{"id":89,"href":"https:\/\/esfloserv.com\/index.php\/wp-json\/wp\/v2\/pages\/81\/revisions\/89"}],"wp:attachment":[{"href":"https:\/\/esfloserv.com\/index.php\/wp-json\/wp\/v2\/media?parent=81"}],"curies":[{"name":"wp","href":"https:\/\/api.w.org\/{rel}","templated":true}]}}